{"id":13,"date":"2015-03-02T09:34:11","date_gmt":"2015-03-02T09:34:11","guid":{"rendered":"http:\/\/royal.dextel.net\/?page_id=13"},"modified":"2025-06-16T20:40:04","modified_gmt":"2025-06-16T20:40:04","slug":"management-services","status":"publish","type":"page","link":"https:\/\/royaleuropean.com\/fr\/management-services\/","title":{"rendered":"NOS SERVICES DE GESTION"},"content":{"rendered":"<h2>NOS SERVICES DE GESTION<\/h2>\n<h3>Gestion de propri\u00e9t\u00e9<\/h3>\n<p>Nous avons plus de dix ans d\u2019exp\u00e9rience dans la gestion de propri\u00e9t\u00e9s multi-r\u00e9sidentielles. Notre mission est de traiter efficacement tous les d\u00e9tails li\u00e9s \u00e0 l\u2019entretien de la propri\u00e9t\u00e9 et de nous occuper des besoins quotidiens des locataires. Nous sommes fiers de maintenir un taux d\u2019inoccupation tr\u00e8s bas et de pouvoir relouer rapidement les logements vacants. Les services de gestion que nous proposons comprennent entre autres:<\/p>\n<h3>Administration<\/h3>\n<ul class=\"list_style\">\n<li>Comptabilit\u00e9 informatique, pr\u00e9cise et efficace et tenue des registres.<\/li>\n<li>Enregistrement des revenus et des d\u00e9penses par mois et \u00e0 l\u2019ann\u00e9e.<\/li>\n<li>Compte rendu fiscal en fin d\u2019exercice.<\/li>\n<li>Enregistrement d\u00e9taill\u00e9 de toutes les transactions.<\/li>\n<li>Paiement de toutes les factures concernant la propri\u00e9t\u00e9.<\/li>\n<\/ul>\n<h3>Location<\/h3>\n<ul class=\"list_style\">\n<li>Mise en place de toute la publicit\u00e9.<\/li>\n<li>R\u00e9ception des appels pour la location 7jours\/7.<\/li>\n<li>Dossier d\u00e9taill\u00e9 de demande de location.<\/li>\n<li>Evaluation pr\u00e9cise des informations sur le cr\u00e9dit, l\u2019activit\u00e9 professionnelle et l\u2019historique de location.<\/li>\n<li>Mise en place des contrats de location.<\/li>\n<\/ul>\n<h3>Relations avec les locataires<\/h3>\n<ul class=\"list_style\">\n<li>Nous r\u00e9pondons professionnellement et rapidement aux demandes des locataires, vous lib\u00e9rant de cette t\u00e2che et de ses responsabilit\u00e9s et assurant ainsi la satisfaction des locataires.<\/li>\n<li>Toutes les locations sont suivies pour assurer le renouvellement des baux dans les d\u00e9lais et les augmentations de loyer appropri\u00e9es.<\/li>\n<li>Nos gestionnaires sont form\u00e9s pour r\u00e9gler les probl\u00e8mes des locataires efficacement afin de maintenir un taux de rotation minimum.<\/li>\n<li>Evaluation pr\u00e9cise des informations sur le cr\u00e9dit, l\u2019activit\u00e9 professionnelle et l\u2019historique de location.<\/li>\n<li>Vous n\u2019aurez jamais \u00e0 vous soucier des impay\u00e9s, des ch\u00e8ques sans provision ou des proc\u00e9dures d\u2019expulsions et des avocats. Nous faisons tout \u00e0 votre place et nous vous tenons au courant.<\/li>\n<\/ul>\n<h3>Entretien<\/h3>\n<ul class=\"list_style\">\n<li>Programme d\u2019entretien pr\u00e9ventif pour valoriser au maximum la propri\u00e9t\u00e9 \u00e0 long terme.<\/li>\n<li>Recommander l\u2019entretien si n\u00e9cessaire apr\u00e8s les inspections.<\/li>\n<li>Mise en place de toutes les r\u00e9parations n\u00e9cessaires pour la propri\u00e9t\u00e9.<\/li>\n<li>Des agents d\u2019entretien disponibles 24 h\/24 en cas d\u2019urgence et des sous-traitants en cas de probl\u00e8mes.<\/li>\n<\/ul>\n<h3>Budget<\/h3>\n<ul class=\"list_style\">\n<li>Nous suivons et contr\u00f4lons les co\u00fbts li\u00e9s aux r\u00e9parations et autres d\u00e9penses.<\/li>\n<li>Gr\u00e2ce \u00e0 notre taille, notre importance, nos relations commerciales de longue date et notre pouvoir d\u2019achat nous pouvons obtenir les meilleurs prix pour le mat\u00e9riel, les r\u00e9parations et les projets d\u2019entretien.<\/li>\n<li>Nous cr\u00e9ons des strat\u00e9gies sp\u00e9cifiques adapt\u00e9e \u00e0 vos besoins financiers, afin de tirer le maximum de profit de votre bien.<\/li>\n<\/ul>\n<h3>Estimation de la propri\u00e9t\u00e9<\/h3>\n<ul class=\"list_style\">\n<li>Etablir les loyers selon les prix du march\u00e9.<\/li>\n<li>Recommander les am\u00e9liorations n\u00e9cessaires pour augmenter la valeur de la propri\u00e9t\u00e9.<\/li>\n<\/ul>\n<h3>Inspections de la propri\u00e9t\u00e9<\/h3>\n<ul class=\"list_style\">\n<li>Inspecter la propri\u00e9t\u00e9 au d\u00e9but et \u00e0 la fin de la location.<\/li>\n<li>Inspections surprises r\u00e9guli\u00e8res.<\/li>\n<li>Inspecter l\u2019int\u00e9rieur de la propri\u00e9t\u00e9 au moins une fois par an.<\/li>\n<\/ul>\n","protected":false},"excerpt":{"rendered":"<p>NOS SERVICES DE GESTION Gestion de propri\u00e9t\u00e9 Nous avons plus de dix ans d\u2019exp\u00e9rience dans la gestion de propri\u00e9t\u00e9s multi-r\u00e9sidentielles. Notre mission est de traiter efficacement tous les d\u00e9tails li\u00e9s \u00e0 l\u2019entretien de la propri\u00e9t\u00e9 et de nous occuper des besoins quotidiens des locataires. Nous sommes fiers de maintenir un taux d\u2019inoccupation tr\u00e8s bas et &hellip; <a href=\"https:\/\/royaleuropean.com\/fr\/management-services\/\" class=\"more-link\">Continue reading <span class=\"screen-reader-text\">NOS SERVICES DE GESTION<\/span> <span class=\"meta-nav\">&rarr;<\/span><\/a><\/p>\n","protected":false},"author":1,"featured_media":0,"parent":0,"menu_order":0,"comment_status":"closed","ping_status":"open","template":"page-services.php","meta":{"_acf_changed":false,"footnotes":""},"class_list":["post-13","page","type-page","status-publish","hentry"],"translation":{"provider":"WPGlobus","version":"3.0.0","language":"fr","enabled_languages":["en","fr"],"languages":{"en":{"title":true,"content":true,"excerpt":false},"fr":{"title":true,"content":true,"excerpt":false}}},"acf":[],"yoast_head":"<!-- This site is optimized with the Yoast SEO plugin v26.5 - https:\/\/yoast.com\/wordpress\/plugins\/seo\/ -->\n<title>NOS SERVICES DE GESTION - Royal European<\/title>\n<meta name=\"robots\" content=\"index, follow, max-snippet:-1, max-image-preview:large, max-video-preview:-1\" \/>\n<link rel=\"canonical\" href=\"https:\/\/royaleuropean.com\/management-services\/\" \/>\n<meta property=\"og:locale\" content=\"fr_FR\" \/>\n<meta property=\"og:type\" content=\"article\" \/>\n<meta property=\"og:title\" content=\"NOS SERVICES DE GESTION - Royal European\" \/>\n<meta property=\"og:url\" content=\"https:\/\/royaleuropean.com\/management-services\/\" \/>\n<meta property=\"og:site_name\" content=\"Royal European\" \/>\n<meta property=\"article:modified_time\" content=\"2025-06-16T20:40:04+00:00\" \/>\n<meta name=\"twitter:label1\" content=\"Est. reading time\" \/>\n\t<meta name=\"twitter:data1\" content=\"4 minutes\" \/>\n<script type=\"application\/ld+json\" class=\"yoast-schema-graph\">{\"@context\":\"https:\/\/schema.org\",\"@graph\":[{\"@type\":\"WebPage\",\"@id\":\"https:\/\/royaleuropean.com\/management-services\/\",\"url\":\"https:\/\/royaleuropean.com\/management-services\/\",\"name\":\"NOS SERVICES DE GESTION - Royal European\",\"isPartOf\":{\"@id\":\"https:\/\/royaleuropean.com\/#website\"},\"datePublished\":\"2015-03-02T09:34:11+00:00\",\"dateModified\":\"2025-06-16T20:40:04+00:00\",\"breadcrumb\":{\"@id\":\"https:\/\/royaleuropean.com\/management-services\/#breadcrumb\"},\"inLanguage\":\"fr-FR\",\"potentialAction\":[{\"@type\":\"ReadAction\",\"target\":[\"https:\/\/royaleuropean.com\/management-services\/\"]}]},{\"@type\":\"BreadcrumbList\",\"@id\":\"https:\/\/royaleuropean.com\/management-services\/#breadcrumb\",\"itemListElement\":[{\"@type\":\"ListItem\",\"position\":1,\"name\":\"Home\",\"item\":\"https:\/\/royaleuropean.com\/\"},{\"@type\":\"ListItem\",\"position\":2,\"name\":\"Management Services\"}]},{\"@type\":\"WebSite\",\"@id\":\"https:\/\/royaleuropean.com\/#website\",\"url\":\"https:\/\/royaleuropean.com\/\",\"name\":\"Royal European\",\"description\":\"VOTRE R\u00c9F\u00c9RENCE IMMOBILI\u00c8RE POUR L\u2019INVESTISSEMENT ET LA GESTION\",\"potentialAction\":[{\"@type\":\"SearchAction\",\"target\":{\"@type\":\"EntryPoint\",\"urlTemplate\":\"https:\/\/royaleuropean.com\/?s={search_term_string}\"},\"query-input\":{\"@type\":\"PropertyValueSpecification\",\"valueRequired\":true,\"valueName\":\"search_term_string\"}}],\"inLanguage\":\"fr-FR\"}]}<\/script>\n<!-- \/ Yoast SEO plugin. -->","yoast_head_json":{"title":"NOS SERVICES DE GESTION - Royal European","robots":{"index":"index","follow":"follow","max-snippet":"max-snippet:-1","max-image-preview":"max-image-preview:large","max-video-preview":"max-video-preview:-1"},"canonical":"https:\/\/royaleuropean.com\/management-services\/","og_locale":"fr_FR","og_type":"article","og_title":"NOS SERVICES DE GESTION - Royal European","og_url":"https:\/\/royaleuropean.com\/management-services\/","og_site_name":"Royal European","article_modified_time":"2025-06-16T20:40:04+00:00","twitter_misc":{"Est. reading time":"4 minutes"},"schema":{"@context":"https:\/\/schema.org","@graph":[{"@type":"WebPage","@id":"https:\/\/royaleuropean.com\/management-services\/","url":"https:\/\/royaleuropean.com\/management-services\/","name":"NOS SERVICES DE GESTION - Royal European","isPartOf":{"@id":"https:\/\/royaleuropean.com\/#website"},"datePublished":"2015-03-02T09:34:11+00:00","dateModified":"2025-06-16T20:40:04+00:00","breadcrumb":{"@id":"https:\/\/royaleuropean.com\/management-services\/#breadcrumb"},"inLanguage":"fr-FR","potentialAction":[{"@type":"ReadAction","target":["https:\/\/royaleuropean.com\/management-services\/"]}]},{"@type":"BreadcrumbList","@id":"https:\/\/royaleuropean.com\/management-services\/#breadcrumb","itemListElement":[{"@type":"ListItem","position":1,"name":"Home","item":"https:\/\/royaleuropean.com\/"},{"@type":"ListItem","position":2,"name":"Management Services"}]},{"@type":"WebSite","@id":"https:\/\/royaleuropean.com\/#website","url":"https:\/\/royaleuropean.com\/","name":"Royal European","description":"VOTRE R\u00c9F\u00c9RENCE IMMOBILI\u00c8RE POUR L\u2019INVESTISSEMENT ET LA GESTION","potentialAction":[{"@type":"SearchAction","target":{"@type":"EntryPoint","urlTemplate":"https:\/\/royaleuropean.com\/?s={search_term_string}"},"query-input":{"@type":"PropertyValueSpecification","valueRequired":true,"valueName":"search_term_string"}}],"inLanguage":"fr-FR"}]}},"_links":{"self":[{"href":"https:\/\/royaleuropean.com\/fr\/wp-json\/wp\/v2\/pages\/13","targetHints":{"allow":["GET"]}}],"collection":[{"href":"https:\/\/royaleuropean.com\/fr\/wp-json\/wp\/v2\/pages"}],"about":[{"href":"https:\/\/royaleuropean.com\/fr\/wp-json\/wp\/v2\/types\/page"}],"author":[{"embeddable":true,"href":"https:\/\/royaleuropean.com\/fr\/wp-json\/wp\/v2\/users\/1"}],"replies":[{"embeddable":true,"href":"https:\/\/royaleuropean.com\/fr\/wp-json\/wp\/v2\/comments?post=13"}],"version-history":[{"count":6,"href":"https:\/\/royaleuropean.com\/fr\/wp-json\/wp\/v2\/pages\/13\/revisions"}],"predecessor-version":[{"id":126,"href":"https:\/\/royaleuropean.com\/fr\/wp-json\/wp\/v2\/pages\/13\/revisions\/126"}],"wp:attachment":[{"href":"https:\/\/royaleuropean.com\/fr\/wp-json\/wp\/v2\/media?parent=13"}],"curies":[{"name":"wp","href":"https:\/\/api.w.org\/{rel}","templated":true}]}}