{"id":14,"date":"2015-03-02T09:32:59","date_gmt":"2015-03-02T09:32:59","guid":{"rendered":"http:\/\/royal.dextel.net\/?page_id=14"},"modified":"2025-06-16T20:40:05","modified_gmt":"2025-06-16T20:40:05","slug":"management-team","status":"publish","type":"page","link":"https:\/\/royaleuropean.com\/fr\/management-team\/","title":{"rendered":"A PROPOS DE NOTRE EQUIPE DE GESTION"},"content":{"rendered":"<h2>A PROPOS DE NOTRE EQUIPE DE GESTION<\/h2>\n<p>Royal European Investments est tout d\u2019abord une soci\u00e9t\u00e9 de gestion d\u2019immeubles r\u00e9sidentiels. Nous offrons tous les services professionnels des gestionnaires immobiliers avec l\u2019exp\u00e9rience et l\u2019expertise sur lesquelles vous pouvez compter pour pr\u00e9server ou accro\u00eetre la valeur de votre propri\u00e9t\u00e9.<\/p>\n<p>Nous poss\u00e9dons les comp\u00e9tences uniques pour vous servir et notre exp\u00e9rience nous permet de collaborer efficacement avec le propri\u00e9taire et le locataire pour r\u00e9soudre les probl\u00e8mes rapidement.<\/p>\n<p>Royal European Investments est fi\u00e8re de compter dans son personnel des employ\u00e9s exceptionnels parfaitement form\u00e9s et ayant une exp\u00e9rience approfondie de la gestion de propri\u00e9t\u00e9s multi-r\u00e9sidentielles. Tous les employ\u00e9s connaissent pr\u00e9cis\u00e9ment les crit\u00e8res et les objectifs d\u00e9finis de chaque propri\u00e9t\u00e9.<\/p>\n<h3>Tout ce dont vous avez besoin<\/h3>\n<p>En d\u2019autres termes, Royal European Investments supervise votre investissement immobilier comme vous nous l\u2019avez indiqu\u00e9. Notre programme est \u00e9tabli \u00e0 partir de vos objectifs financiers et de vos besoins, nos priorit\u00e9s sont les m\u00eames que les v\u00f4tres et nous g\u00e9rons votre propri\u00e9t\u00e9 de la sorte. Ce qui veut dire que nous calculons minutieusement le budget afin de faire les meilleures d\u00e9penses et d\u2019assurer les meilleurs retours sur votre investissement.<\/p>\n<h3>Un \u00e9ventail de services de gestion utiles.<\/h3>\n<p>Royal European Investments vous propose un large \u00e9ventail de services pour r\u00e9pondre aux besoins sp\u00e9cifiques de votre entreprise ou de votre association, ceux-ci comprennent des services administratifs, financiers et d\u2019entretien.<\/p>\n<h3>Des personnes qualifi\u00e9es qui travaillent pour vous.<\/h3>\n<p>Vous aurez l\u2019esprit tranquille en confiant votre propri\u00e9t\u00e9 \u00e0 Royal European Investments. Notre personnel est exceptionnel et tr\u00e8s bien form\u00e9, il b\u00e9n\u00e9ficie d\u2019une grande exp\u00e9rience dans la gestion de propri\u00e9t\u00e9s comme la votre. Vous travaillerez de tr\u00e8s pr\u00e8s ensemble afin de cr\u00e9er un partenariat efficace pour la gestion de votre communaut\u00e9.<\/p>\n","protected":false},"excerpt":{"rendered":"<p>A PROPOS DE NOTRE EQUIPE DE GESTION Royal European Investments est tout d\u2019abord une soci\u00e9t\u00e9 de gestion d\u2019immeubles r\u00e9sidentiels. Nous offrons tous les services professionnels des gestionnaires immobiliers avec l\u2019exp\u00e9rience et l\u2019expertise sur lesquelles vous pouvez compter pour pr\u00e9server ou accro\u00eetre la valeur de votre propri\u00e9t\u00e9. Nous poss\u00e9dons les comp\u00e9tences uniques pour vous servir et &hellip; <a href=\"https:\/\/royaleuropean.com\/fr\/management-team\/\" class=\"more-link\">Continue reading <span class=\"screen-reader-text\">A PROPOS DE NOTRE EQUIPE DE GESTION<\/span> <span class=\"meta-nav\">&rarr;<\/span><\/a><\/p>\n","protected":false},"author":1,"featured_media":0,"parent":0,"menu_order":0,"comment_status":"closed","ping_status":"open","template":"page-services.php","meta":{"_acf_changed":false,"footnotes":""},"class_list":["post-14","page","type-page","status-publish","hentry"],"translation":{"provider":"WPGlobus","version":"3.0.0","language":"fr","enabled_languages":["en","fr"],"languages":{"en":{"title":true,"content":true,"excerpt":false},"fr":{"title":true,"content":true,"excerpt":false}}},"acf":[],"yoast_head":"<!-- This site is optimized with the Yoast SEO plugin v26.5 - https:\/\/yoast.com\/wordpress\/plugins\/seo\/ -->\n<title>A PROPOS DE NOTRE EQUIPE DE GESTION - Royal European<\/title>\n<meta name=\"robots\" content=\"index, follow, max-snippet:-1, max-image-preview:large, max-video-preview:-1\" \/>\n<link rel=\"canonical\" href=\"https:\/\/royaleuropean.com\/management-team\/\" \/>\n<meta property=\"og:locale\" content=\"fr_FR\" \/>\n<meta property=\"og:type\" content=\"article\" \/>\n<meta property=\"og:title\" content=\"A PROPOS DE NOTRE EQUIPE DE GESTION - Royal European\" \/>\n<meta property=\"og:url\" content=\"https:\/\/royaleuropean.com\/management-team\/\" \/>\n<meta property=\"og:site_name\" content=\"Royal European\" \/>\n<meta property=\"article:modified_time\" content=\"2025-06-16T20:40:05+00:00\" \/>\n<meta name=\"twitter:label1\" content=\"Est. reading time\" \/>\n\t<meta name=\"twitter:data1\" content=\"3 minutes\" \/>\n<script type=\"application\/ld+json\" class=\"yoast-schema-graph\">{\"@context\":\"https:\/\/schema.org\",\"@graph\":[{\"@type\":\"WebPage\",\"@id\":\"https:\/\/royaleuropean.com\/management-team\/\",\"url\":\"https:\/\/royaleuropean.com\/management-team\/\",\"name\":\"A PROPOS DE NOTRE EQUIPE DE GESTION - Royal European\",\"isPartOf\":{\"@id\":\"https:\/\/royaleuropean.com\/#website\"},\"datePublished\":\"2015-03-02T09:32:59+00:00\",\"dateModified\":\"2025-06-16T20:40:05+00:00\",\"breadcrumb\":{\"@id\":\"https:\/\/royaleuropean.com\/management-team\/#breadcrumb\"},\"inLanguage\":\"fr-FR\",\"potentialAction\":[{\"@type\":\"ReadAction\",\"target\":[\"https:\/\/royaleuropean.com\/management-team\/\"]}]},{\"@type\":\"BreadcrumbList\",\"@id\":\"https:\/\/royaleuropean.com\/management-team\/#breadcrumb\",\"itemListElement\":[{\"@type\":\"ListItem\",\"position\":1,\"name\":\"Home\",\"item\":\"https:\/\/royaleuropean.com\/\"},{\"@type\":\"ListItem\",\"position\":2,\"name\":\"Management Team\"}]},{\"@type\":\"WebSite\",\"@id\":\"https:\/\/royaleuropean.com\/#website\",\"url\":\"https:\/\/royaleuropean.com\/\",\"name\":\"Royal European\",\"description\":\"VOTRE R\u00c9F\u00c9RENCE IMMOBILI\u00c8RE POUR L\u2019INVESTISSEMENT ET LA GESTION\",\"potentialAction\":[{\"@type\":\"SearchAction\",\"target\":{\"@type\":\"EntryPoint\",\"urlTemplate\":\"https:\/\/royaleuropean.com\/?s={search_term_string}\"},\"query-input\":{\"@type\":\"PropertyValueSpecification\",\"valueRequired\":true,\"valueName\":\"search_term_string\"}}],\"inLanguage\":\"fr-FR\"}]}<\/script>\n<!-- \/ Yoast SEO plugin. -->","yoast_head_json":{"title":"A PROPOS DE NOTRE EQUIPE DE GESTION - Royal European","robots":{"index":"index","follow":"follow","max-snippet":"max-snippet:-1","max-image-preview":"max-image-preview:large","max-video-preview":"max-video-preview:-1"},"canonical":"https:\/\/royaleuropean.com\/management-team\/","og_locale":"fr_FR","og_type":"article","og_title":"A PROPOS DE NOTRE EQUIPE DE GESTION - Royal European","og_url":"https:\/\/royaleuropean.com\/management-team\/","og_site_name":"Royal European","article_modified_time":"2025-06-16T20:40:05+00:00","twitter_misc":{"Est. reading time":"3 minutes"},"schema":{"@context":"https:\/\/schema.org","@graph":[{"@type":"WebPage","@id":"https:\/\/royaleuropean.com\/management-team\/","url":"https:\/\/royaleuropean.com\/management-team\/","name":"A PROPOS DE NOTRE EQUIPE DE GESTION - Royal European","isPartOf":{"@id":"https:\/\/royaleuropean.com\/#website"},"datePublished":"2015-03-02T09:32:59+00:00","dateModified":"2025-06-16T20:40:05+00:00","breadcrumb":{"@id":"https:\/\/royaleuropean.com\/management-team\/#breadcrumb"},"inLanguage":"fr-FR","potentialAction":[{"@type":"ReadAction","target":["https:\/\/royaleuropean.com\/management-team\/"]}]},{"@type":"BreadcrumbList","@id":"https:\/\/royaleuropean.com\/management-team\/#breadcrumb","itemListElement":[{"@type":"ListItem","position":1,"name":"Home","item":"https:\/\/royaleuropean.com\/"},{"@type":"ListItem","position":2,"name":"Management Team"}]},{"@type":"WebSite","@id":"https:\/\/royaleuropean.com\/#website","url":"https:\/\/royaleuropean.com\/","name":"Royal European","description":"VOTRE R\u00c9F\u00c9RENCE IMMOBILI\u00c8RE POUR L\u2019INVESTISSEMENT ET LA GESTION","potentialAction":[{"@type":"SearchAction","target":{"@type":"EntryPoint","urlTemplate":"https:\/\/royaleuropean.com\/?s={search_term_string}"},"query-input":{"@type":"PropertyValueSpecification","valueRequired":true,"valueName":"search_term_string"}}],"inLanguage":"fr-FR"}]}},"_links":{"self":[{"href":"https:\/\/royaleuropean.com\/fr\/wp-json\/wp\/v2\/pages\/14","targetHints":{"allow":["GET"]}}],"collection":[{"href":"https:\/\/royaleuropean.com\/fr\/wp-json\/wp\/v2\/pages"}],"about":[{"href":"https:\/\/royaleuropean.com\/fr\/wp-json\/wp\/v2\/types\/page"}],"author":[{"embeddable":true,"href":"https:\/\/royaleuropean.com\/fr\/wp-json\/wp\/v2\/users\/1"}],"replies":[{"embeddable":true,"href":"https:\/\/royaleuropean.com\/fr\/wp-json\/wp\/v2\/comments?post=14"}],"version-history":[{"count":3,"href":"https:\/\/royaleuropean.com\/fr\/wp-json\/wp\/v2\/pages\/14\/revisions"}],"predecessor-version":[{"id":94,"href":"https:\/\/royaleuropean.com\/fr\/wp-json\/wp\/v2\/pages\/14\/revisions\/94"}],"wp:attachment":[{"href":"https:\/\/royaleuropean.com\/fr\/wp-json\/wp\/v2\/media?parent=14"}],"curies":[{"name":"wp","href":"https:\/\/api.w.org\/{rel}","templated":true}]}}