{"id":15,"date":"2015-03-02T09:35:28","date_gmt":"2015-03-02T09:35:28","guid":{"rendered":"http:\/\/royal.dextel.net\/?page_id=15"},"modified":"2025-06-16T20:40:04","modified_gmt":"2025-06-16T20:40:04","slug":"investment-mission","status":"publish","type":"page","link":"https:\/\/royaleuropean.com\/fr\/investment-mission\/","title":{"rendered":"NOTRE MISSION D\u2019INVESTISSEMENT &#038; PROFIL DE NOTRE ENTREPRISE"},"content":{"rendered":"<h2>NOTRE MISSION D\u2019INVESTISSEMENT &#038; PROFIL DE NOTRE ENTREPRISE<\/h2>\n<h3>Notre Mission<\/h3>\n<p>La mission primordiale de Royal European Investments est de cr\u00e9er une valeur commerciale pour ses investisseurs-partenaires en identifiant et en achetant des biens immobiliers qui apporteront des revenus bien au dessus de la moyenne et qui pr\u00e9sentent un potentiel de croissance important.<\/p>\n<h3>Profil de l\u2019entreprise<\/h3>\n<p>Royal European Investments est une entreprise d\u2019investissement immobilier et de conseil en investissement qui propose des plans d\u2019investissements immobiliers strat\u00e9giques et la cr\u00e9ation de programmes d\u2019investissement immobilier pour les particuliers et les soci\u00e9t\u00e9s d\u2019investissement au Canada et aux Etats-Unis. Nous poss\u00e9dons et utilisons diverses ressources afin de vous offrir un large \u00e9ventail de services immobiliers.<\/p>\n<p>Royal European Investments investit dans tous types de biens commerciaux susceptibles de produire des revenus pour leur compte et celui des ses investisseurs partenaires. L\u2019objectif premier de l\u2019entreprise est d\u2019acqu\u00e9rir des biens immobiliers pr\u00e9sentant un potentiel avantageux et une tr\u00e9sorerie attractive pour les institutions financi\u00e8res et les partenariats parrain\u00e9s par les entreprises.<\/p>\n<p>Nous sommes toujours heureux de discuter de l\u2019historique de nos investissements et de nos opportunit\u00e9s actuelles avec les \u00e9ventuels investisseurs.<\/p>\n<p>Vous pouvez nous appeler ou envoyer un mail \u00e0 <a href=\"mailto:info@royaleuropean.com \"> info@royaleuropean.com <\/a><\/p>\n","protected":false},"excerpt":{"rendered":"<p>NOTRE MISSION D\u2019INVESTISSEMENT &#038; PROFIL DE NOTRE ENTREPRISE Notre Mission La mission primordiale de Royal European Investments est de cr\u00e9er une valeur commerciale pour ses investisseurs-partenaires en identifiant et en achetant des biens immobiliers qui apporteront des revenus bien au dessus de la moyenne et qui pr\u00e9sentent un potentiel de croissance important. Profil de l\u2019entreprise &hellip; <a href=\"https:\/\/royaleuropean.com\/fr\/investment-mission\/\" class=\"more-link\">Continue reading <span class=\"screen-reader-text\">NOTRE MISSION D\u2019INVESTISSEMENT &#038; PROFIL DE NOTRE ENTREPRISE<\/span> <span class=\"meta-nav\">&rarr;<\/span><\/a><\/p>\n","protected":false},"author":1,"featured_media":0,"parent":0,"menu_order":0,"comment_status":"closed","ping_status":"open","template":"page-services.php","meta":{"_acf_changed":false,"footnotes":""},"class_list":["post-15","page","type-page","status-publish","hentry"],"translation":{"provider":"WPGlobus","version":"3.0.0","language":"fr","enabled_languages":["en","fr"],"languages":{"en":{"title":true,"content":true,"excerpt":false},"fr":{"title":true,"content":true,"excerpt":false}}},"acf":[],"yoast_head":"<!-- This site is optimized with the Yoast SEO plugin v26.5 - https:\/\/yoast.com\/wordpress\/plugins\/seo\/ -->\n<title>NOTRE MISSION D\u2019INVESTISSEMENT &amp; PROFIL DE NOTRE ENTREPRISE - Royal European<\/title>\n<meta name=\"robots\" content=\"index, follow, max-snippet:-1, max-image-preview:large, max-video-preview:-1\" \/>\n<link rel=\"canonical\" href=\"https:\/\/royaleuropean.com\/investment-mission\/\" \/>\n<meta property=\"og:locale\" content=\"fr_FR\" \/>\n<meta property=\"og:type\" content=\"article\" \/>\n<meta property=\"og:title\" content=\"NOTRE MISSION D\u2019INVESTISSEMENT &amp; PROFIL DE NOTRE ENTREPRISE - Royal European\" \/>\n<meta property=\"og:url\" content=\"https:\/\/royaleuropean.com\/investment-mission\/\" \/>\n<meta property=\"og:site_name\" content=\"Royal European\" \/>\n<meta property=\"article:modified_time\" content=\"2025-06-16T20:40:04+00:00\" \/>\n<meta name=\"twitter:label1\" content=\"Est. reading time\" \/>\n\t<meta name=\"twitter:data1\" content=\"2 minutes\" \/>\n<script type=\"application\/ld+json\" class=\"yoast-schema-graph\">{\"@context\":\"https:\/\/schema.org\",\"@graph\":[{\"@type\":\"WebPage\",\"@id\":\"https:\/\/royaleuropean.com\/investment-mission\/\",\"url\":\"https:\/\/royaleuropean.com\/investment-mission\/\",\"name\":\"NOTRE MISSION D\u2019INVESTISSEMENT & PROFIL DE NOTRE ENTREPRISE - Royal European\",\"isPartOf\":{\"@id\":\"https:\/\/royaleuropean.com\/#website\"},\"datePublished\":\"2015-03-02T09:35:28+00:00\",\"dateModified\":\"2025-06-16T20:40:04+00:00\",\"breadcrumb\":{\"@id\":\"https:\/\/royaleuropean.com\/investment-mission\/#breadcrumb\"},\"inLanguage\":\"fr-FR\",\"potentialAction\":[{\"@type\":\"ReadAction\",\"target\":[\"https:\/\/royaleuropean.com\/investment-mission\/\"]}]},{\"@type\":\"BreadcrumbList\",\"@id\":\"https:\/\/royaleuropean.com\/investment-mission\/#breadcrumb\",\"itemListElement\":[{\"@type\":\"ListItem\",\"position\":1,\"name\":\"Home\",\"item\":\"https:\/\/royaleuropean.com\/\"},{\"@type\":\"ListItem\",\"position\":2,\"name\":\"Investment Mission\"}]},{\"@type\":\"WebSite\",\"@id\":\"https:\/\/royaleuropean.com\/#website\",\"url\":\"https:\/\/royaleuropean.com\/\",\"name\":\"Royal European\",\"description\":\"VOTRE R\u00c9F\u00c9RENCE IMMOBILI\u00c8RE POUR L\u2019INVESTISSEMENT ET LA GESTION\",\"potentialAction\":[{\"@type\":\"SearchAction\",\"target\":{\"@type\":\"EntryPoint\",\"urlTemplate\":\"https:\/\/royaleuropean.com\/?s={search_term_string}\"},\"query-input\":{\"@type\":\"PropertyValueSpecification\",\"valueRequired\":true,\"valueName\":\"search_term_string\"}}],\"inLanguage\":\"fr-FR\"}]}<\/script>\n<!-- \/ Yoast SEO plugin. -->","yoast_head_json":{"title":"NOTRE MISSION D\u2019INVESTISSEMENT & PROFIL DE NOTRE ENTREPRISE - Royal European","robots":{"index":"index","follow":"follow","max-snippet":"max-snippet:-1","max-image-preview":"max-image-preview:large","max-video-preview":"max-video-preview:-1"},"canonical":"https:\/\/royaleuropean.com\/investment-mission\/","og_locale":"fr_FR","og_type":"article","og_title":"NOTRE MISSION D\u2019INVESTISSEMENT & PROFIL DE NOTRE ENTREPRISE - Royal European","og_url":"https:\/\/royaleuropean.com\/investment-mission\/","og_site_name":"Royal European","article_modified_time":"2025-06-16T20:40:04+00:00","twitter_misc":{"Est. reading time":"2 minutes"},"schema":{"@context":"https:\/\/schema.org","@graph":[{"@type":"WebPage","@id":"https:\/\/royaleuropean.com\/investment-mission\/","url":"https:\/\/royaleuropean.com\/investment-mission\/","name":"NOTRE MISSION D\u2019INVESTISSEMENT & PROFIL DE NOTRE ENTREPRISE - Royal European","isPartOf":{"@id":"https:\/\/royaleuropean.com\/#website"},"datePublished":"2015-03-02T09:35:28+00:00","dateModified":"2025-06-16T20:40:04+00:00","breadcrumb":{"@id":"https:\/\/royaleuropean.com\/investment-mission\/#breadcrumb"},"inLanguage":"fr-FR","potentialAction":[{"@type":"ReadAction","target":["https:\/\/royaleuropean.com\/investment-mission\/"]}]},{"@type":"BreadcrumbList","@id":"https:\/\/royaleuropean.com\/investment-mission\/#breadcrumb","itemListElement":[{"@type":"ListItem","position":1,"name":"Home","item":"https:\/\/royaleuropean.com\/"},{"@type":"ListItem","position":2,"name":"Investment Mission"}]},{"@type":"WebSite","@id":"https:\/\/royaleuropean.com\/#website","url":"https:\/\/royaleuropean.com\/","name":"Royal European","description":"VOTRE R\u00c9F\u00c9RENCE IMMOBILI\u00c8RE POUR L\u2019INVESTISSEMENT ET LA GESTION","potentialAction":[{"@type":"SearchAction","target":{"@type":"EntryPoint","urlTemplate":"https:\/\/royaleuropean.com\/?s={search_term_string}"},"query-input":{"@type":"PropertyValueSpecification","valueRequired":true,"valueName":"search_term_string"}}],"inLanguage":"fr-FR"}]}},"_links":{"self":[{"href":"https:\/\/royaleuropean.com\/fr\/wp-json\/wp\/v2\/pages\/15","targetHints":{"allow":["GET"]}}],"collection":[{"href":"https:\/\/royaleuropean.com\/fr\/wp-json\/wp\/v2\/pages"}],"about":[{"href":"https:\/\/royaleuropean.com\/fr\/wp-json\/wp\/v2\/types\/page"}],"author":[{"embeddable":true,"href":"https:\/\/royaleuropean.com\/fr\/wp-json\/wp\/v2\/users\/1"}],"replies":[{"embeddable":true,"href":"https:\/\/royaleuropean.com\/fr\/wp-json\/wp\/v2\/comments?post=15"}],"version-history":[{"count":5,"href":"https:\/\/royaleuropean.com\/fr\/wp-json\/wp\/v2\/pages\/15\/revisions"}],"predecessor-version":[{"id":128,"href":"https:\/\/royaleuropean.com\/fr\/wp-json\/wp\/v2\/pages\/15\/revisions\/128"}],"wp:attachment":[{"href":"https:\/\/royaleuropean.com\/fr\/wp-json\/wp\/v2\/media?parent=15"}],"curies":[{"name":"wp","href":"https:\/\/api.w.org\/{rel}","templated":true}]}}