{"id":16,"date":"2015-03-02T09:36:26","date_gmt":"2015-03-02T09:36:26","guid":{"rendered":"http:\/\/royal.dextel.net\/?page_id=16"},"modified":"2025-06-16T20:40:04","modified_gmt":"2025-06-16T20:40:04","slug":"investment-groups","status":"publish","type":"page","link":"https:\/\/royaleuropean.com\/fr\/investment-groups\/","title":{"rendered":"GROUPES D\u2019INVESTISSEMENT IMMOBILIER"},"content":{"rendered":"<h2>GROUPES D\u2019INVESTISSEMENT IMMOBILIER<\/h2>\n<p>Royal European Investments est sp\u00e9cialis\u00e9e dans la s\u00e9lection et la structuration d\u2019opportunit\u00e9s d\u2019investissement immobilier pour des groupes d\u2019investissement ou des associations.<\/p>\n<p>Depuis le d\u00e9but des ann\u00e9es 90, Royal European Investments a d\u00e9montr\u00e9 qu\u2019elle pouvait satisfaire les objectifs des investisseurs immobiliers priv\u00e9s en \u00e9laborant des transactions rentables au travers d\u2019examens pr\u00e9cis de la l\u00e9gislation et des \u00e9tudes comptables qui sont les piliers d\u2019une entreprise prosp\u00e8re. Un de nos d\u00e9partements les plus actifs et en plein d\u00e9veloppement comprend l\u2019organisation et la gestion de l\u2019investissement des associations.<\/p>\n<p>L\u2019\u00e9quipe de professionnels exp\u00e9riment\u00e9s de Royal European Investments peut s\u00e9lectionner les strat\u00e9gies d\u2019investissement correspondant au mieux aux besoins des investisseurs priv\u00e9s ou institutionnels ainsi qu\u2019\u00e0 ceux des soci\u00e9t\u00e9s d\u2019investissement, que ce soit dans le but de pr\u00e9server un patrimoine, de revaloriser un capital ou de cr\u00e9er des revenus. Nos consultants en investissement immobilier peuvent revoir avec vous des projets d\u2019investissement que nous avons mis en place pour vous prouver notre performance.<\/p>\n","protected":false},"excerpt":{"rendered":"<p>GROUPES D\u2019INVESTISSEMENT IMMOBILIER Royal European Investments est sp\u00e9cialis\u00e9e dans la s\u00e9lection et la structuration d\u2019opportunit\u00e9s d\u2019investissement immobilier pour des groupes d\u2019investissement ou des associations. Depuis le d\u00e9but des ann\u00e9es 90, Royal European Investments a d\u00e9montr\u00e9 qu\u2019elle pouvait satisfaire les objectifs des investisseurs immobiliers priv\u00e9s en \u00e9laborant des transactions rentables au travers d\u2019examens pr\u00e9cis de la &hellip; <a href=\"https:\/\/royaleuropean.com\/fr\/investment-groups\/\" class=\"more-link\">Continue reading <span class=\"screen-reader-text\">GROUPES D\u2019INVESTISSEMENT IMMOBILIER<\/span> <span class=\"meta-nav\">&rarr;<\/span><\/a><\/p>\n","protected":false},"author":1,"featured_media":0,"parent":0,"menu_order":0,"comment_status":"closed","ping_status":"open","template":"page-services.php","meta":{"_acf_changed":false,"footnotes":""},"class_list":["post-16","page","type-page","status-publish","hentry"],"translation":{"provider":"WPGlobus","version":"3.0.0","language":"fr","enabled_languages":["en","fr"],"languages":{"en":{"title":true,"content":true,"excerpt":false},"fr":{"title":true,"content":true,"excerpt":false}}},"acf":[],"yoast_head":"<!-- This site is optimized with the Yoast SEO plugin v26.5 - https:\/\/yoast.com\/wordpress\/plugins\/seo\/ -->\n<title>GROUPES D\u2019INVESTISSEMENT IMMOBILIER  - Royal European<\/title>\n<meta name=\"robots\" content=\"index, follow, max-snippet:-1, max-image-preview:large, max-video-preview:-1\" \/>\n<link rel=\"canonical\" href=\"https:\/\/royaleuropean.com\/investment-groups\/\" \/>\n<meta property=\"og:locale\" content=\"fr_FR\" \/>\n<meta property=\"og:type\" content=\"article\" \/>\n<meta property=\"og:title\" content=\"GROUPES D\u2019INVESTISSEMENT IMMOBILIER  - Royal European\" \/>\n<meta property=\"og:url\" content=\"https:\/\/royaleuropean.com\/investment-groups\/\" \/>\n<meta property=\"og:site_name\" content=\"Royal European\" \/>\n<meta property=\"article:modified_time\" content=\"2025-06-16T20:40:04+00:00\" \/>\n<meta name=\"twitter:label1\" content=\"Est. reading time\" \/>\n\t<meta name=\"twitter:data1\" content=\"2 minutes\" \/>\n<script type=\"application\/ld+json\" class=\"yoast-schema-graph\">{\"@context\":\"https:\/\/schema.org\",\"@graph\":[{\"@type\":\"WebPage\",\"@id\":\"https:\/\/royaleuropean.com\/investment-groups\/\",\"url\":\"https:\/\/royaleuropean.com\/investment-groups\/\",\"name\":\"GROUPES D\u2019INVESTISSEMENT IMMOBILIER - Royal European\",\"isPartOf\":{\"@id\":\"https:\/\/royaleuropean.com\/#website\"},\"datePublished\":\"2015-03-02T09:36:26+00:00\",\"dateModified\":\"2025-06-16T20:40:04+00:00\",\"breadcrumb\":{\"@id\":\"https:\/\/royaleuropean.com\/investment-groups\/#breadcrumb\"},\"inLanguage\":\"fr-FR\",\"potentialAction\":[{\"@type\":\"ReadAction\",\"target\":[\"https:\/\/royaleuropean.com\/investment-groups\/\"]}]},{\"@type\":\"BreadcrumbList\",\"@id\":\"https:\/\/royaleuropean.com\/investment-groups\/#breadcrumb\",\"itemListElement\":[{\"@type\":\"ListItem\",\"position\":1,\"name\":\"Home\",\"item\":\"https:\/\/royaleuropean.com\/\"},{\"@type\":\"ListItem\",\"position\":2,\"name\":\"Investment Groups\"}]},{\"@type\":\"WebSite\",\"@id\":\"https:\/\/royaleuropean.com\/#website\",\"url\":\"https:\/\/royaleuropean.com\/\",\"name\":\"Royal European\",\"description\":\"VOTRE R\u00c9F\u00c9RENCE IMMOBILI\u00c8RE POUR L\u2019INVESTISSEMENT ET LA GESTION\",\"potentialAction\":[{\"@type\":\"SearchAction\",\"target\":{\"@type\":\"EntryPoint\",\"urlTemplate\":\"https:\/\/royaleuropean.com\/?s={search_term_string}\"},\"query-input\":{\"@type\":\"PropertyValueSpecification\",\"valueRequired\":true,\"valueName\":\"search_term_string\"}}],\"inLanguage\":\"fr-FR\"}]}<\/script>\n<!-- \/ Yoast SEO plugin. -->","yoast_head_json":{"title":"GROUPES D\u2019INVESTISSEMENT IMMOBILIER  - Royal European","robots":{"index":"index","follow":"follow","max-snippet":"max-snippet:-1","max-image-preview":"max-image-preview:large","max-video-preview":"max-video-preview:-1"},"canonical":"https:\/\/royaleuropean.com\/investment-groups\/","og_locale":"fr_FR","og_type":"article","og_title":"GROUPES D\u2019INVESTISSEMENT IMMOBILIER  - Royal European","og_url":"https:\/\/royaleuropean.com\/investment-groups\/","og_site_name":"Royal European","article_modified_time":"2025-06-16T20:40:04+00:00","twitter_misc":{"Est. reading time":"2 minutes"},"schema":{"@context":"https:\/\/schema.org","@graph":[{"@type":"WebPage","@id":"https:\/\/royaleuropean.com\/investment-groups\/","url":"https:\/\/royaleuropean.com\/investment-groups\/","name":"GROUPES D\u2019INVESTISSEMENT IMMOBILIER - Royal European","isPartOf":{"@id":"https:\/\/royaleuropean.com\/#website"},"datePublished":"2015-03-02T09:36:26+00:00","dateModified":"2025-06-16T20:40:04+00:00","breadcrumb":{"@id":"https:\/\/royaleuropean.com\/investment-groups\/#breadcrumb"},"inLanguage":"fr-FR","potentialAction":[{"@type":"ReadAction","target":["https:\/\/royaleuropean.com\/investment-groups\/"]}]},{"@type":"BreadcrumbList","@id":"https:\/\/royaleuropean.com\/investment-groups\/#breadcrumb","itemListElement":[{"@type":"ListItem","position":1,"name":"Home","item":"https:\/\/royaleuropean.com\/"},{"@type":"ListItem","position":2,"name":"Investment Groups"}]},{"@type":"WebSite","@id":"https:\/\/royaleuropean.com\/#website","url":"https:\/\/royaleuropean.com\/","name":"Royal European","description":"VOTRE R\u00c9F\u00c9RENCE IMMOBILI\u00c8RE POUR L\u2019INVESTISSEMENT ET LA GESTION","potentialAction":[{"@type":"SearchAction","target":{"@type":"EntryPoint","urlTemplate":"https:\/\/royaleuropean.com\/?s={search_term_string}"},"query-input":{"@type":"PropertyValueSpecification","valueRequired":true,"valueName":"search_term_string"}}],"inLanguage":"fr-FR"}]}},"_links":{"self":[{"href":"https:\/\/royaleuropean.com\/fr\/wp-json\/wp\/v2\/pages\/16","targetHints":{"allow":["GET"]}}],"collection":[{"href":"https:\/\/royaleuropean.com\/fr\/wp-json\/wp\/v2\/pages"}],"about":[{"href":"https:\/\/royaleuropean.com\/fr\/wp-json\/wp\/v2\/types\/page"}],"author":[{"embeddable":true,"href":"https:\/\/royaleuropean.com\/fr\/wp-json\/wp\/v2\/users\/1"}],"replies":[{"embeddable":true,"href":"https:\/\/royaleuropean.com\/fr\/wp-json\/wp\/v2\/comments?post=16"}],"version-history":[{"count":3,"href":"https:\/\/royaleuropean.com\/fr\/wp-json\/wp\/v2\/pages\/16\/revisions"}],"predecessor-version":[{"id":129,"href":"https:\/\/royaleuropean.com\/fr\/wp-json\/wp\/v2\/pages\/16\/revisions\/129"}],"wp:attachment":[{"href":"https:\/\/royaleuropean.com\/fr\/wp-json\/wp\/v2\/media?parent=16"}],"curies":[{"name":"wp","href":"https:\/\/api.w.org\/{rel}","templated":true}]}}