{"id":2,"date":"2015-03-02T08:04:25","date_gmt":"2015-03-02T08:04:25","guid":{"rendered":"http:\/\/royal.dextel.net\/?page_id=2"},"modified":"2025-06-16T20:40:04","modified_gmt":"2025-06-16T20:40:04","slug":"sample-page","status":"publish","type":"page","link":"https:\/\/royaleuropean.com\/fr\/","title":{"rendered":"Home Page"},"content":{"rendered":"<h2>NOUS PRENONS SOIN DE NOS LOCATAIRES ET NOUS DONNONS A NOS INVESTISSEURS LA VALEUR AJOUTEE QU\u2019ILS MERITENT<\/h2>\n<p>Royal European Investments est tout d\u2019abord une soci\u00e9t\u00e9 de gestion d\u2019immeubles r\u00e9sidentiels. Nous offrons tous les services professionnels des gestionnaires immobiliers, avec l\u2019exp\u00e9rience et l\u2019expertise sur lesquelles vous pouvez compter pour pr\u00e9server ou accro\u00eetre la valeur de votre propri\u00e9t\u00e9. Nous poss\u00e9dons les comp\u00e9tences uniques pour vous servir et notre exp\u00e9rience nous permet de collaborer efficacement avec le propri\u00e9taire et le locataire pour r\u00e9soudre les probl\u00e8mes rapidement.<\/p>\n<p>Royal European Investments est fi\u00e8re de compter dans son personnel des employ\u00e9s exceptionnels parfaitement form\u00e9s poss\u00e9dant une exp\u00e9rience approfondie de la gestion de propri\u00e9t\u00e9s multi-r\u00e9sidentielles. Tous les employ\u00e9s connaissent pr\u00e9cis\u00e9ment les crit\u00e8res et les objectifs d\u00e9finis de chaque propri\u00e9t\u00e9.<\/p>\n","protected":false},"excerpt":{"rendered":"<p>NOUS PRENONS SOIN DE NOS LOCATAIRES ET NOUS DONNONS A NOS INVESTISSEURS LA VALEUR AJOUTEE QU\u2019ILS MERITENT Royal European Investments est tout d\u2019abord une soci\u00e9t\u00e9 de gestion d\u2019immeubles r\u00e9sidentiels. Nous offrons tous les services professionnels des gestionnaires immobiliers, avec l\u2019exp\u00e9rience et l\u2019expertise sur lesquelles vous pouvez compter pour pr\u00e9server ou accro\u00eetre la valeur de votre &hellip; <a href=\"https:\/\/royaleuropean.com\/fr\/\" class=\"more-link\">Continue reading <span class=\"screen-reader-text\">Home Page<\/span> <span class=\"meta-nav\">&rarr;<\/span><\/a><\/p>\n","protected":false},"author":1,"featured_media":0,"parent":0,"menu_order":0,"comment_status":"closed","ping_status":"open","template":"page-home.php","meta":{"_acf_changed":false,"footnotes":""},"class_list":["post-2","page","type-page","status-publish","hentry"],"translation":{"provider":"WPGlobus","version":"3.0.0","language":"fr","enabled_languages":["en","fr"],"languages":{"en":{"title":true,"content":true,"excerpt":false},"fr":{"title":false,"content":true,"excerpt":false}}},"acf":[],"yoast_head":"<!-- This site is optimized with the Yoast SEO plugin v26.5 - https:\/\/yoast.com\/wordpress\/plugins\/seo\/ -->\n<title>- Royal European<\/title>\n<meta name=\"robots\" content=\"index, follow, max-snippet:-1, max-image-preview:large, max-video-preview:-1\" \/>\n<link rel=\"canonical\" href=\"https:\/\/royaleuropean.com\/\" \/>\n<meta property=\"og:locale\" content=\"fr_FR\" \/>\n<meta property=\"og:type\" content=\"article\" \/>\n<meta property=\"og:title\" content=\"- Royal European\" \/>\n<meta property=\"og:url\" content=\"https:\/\/royaleuropean.com\/\" \/>\n<meta property=\"og:site_name\" content=\"Royal European\" \/>\n<meta property=\"article:modified_time\" content=\"2025-06-16T20:40:04+00:00\" \/>\n<meta name=\"twitter:label1\" content=\"Est. reading time\" \/>\n\t<meta name=\"twitter:data1\" content=\"1 minute\" \/>\n<script type=\"application\/ld+json\" class=\"yoast-schema-graph\">{\"@context\":\"https:\/\/schema.org\",\"@graph\":[{\"@type\":\"WebPage\",\"@id\":\"https:\/\/royaleuropean.com\/\",\"url\":\"https:\/\/royaleuropean.com\/\",\"name\":\"- Royal European\",\"isPartOf\":{\"@id\":\"https:\/\/royaleuropean.com\/#website\"},\"datePublished\":\"2015-03-02T08:04:25+00:00\",\"dateModified\":\"2025-06-16T20:40:04+00:00\",\"breadcrumb\":{\"@id\":\"https:\/\/royaleuropean.com\/#breadcrumb\"},\"inLanguage\":\"fr-FR\",\"potentialAction\":[{\"@type\":\"ReadAction\",\"target\":[\"https:\/\/royaleuropean.com\/\"]}]},{\"@type\":\"BreadcrumbList\",\"@id\":\"https:\/\/royaleuropean.com\/#breadcrumb\",\"itemListElement\":[{\"@type\":\"ListItem\",\"position\":1,\"name\":\"Home\",\"item\":\"https:\/\/royaleuropean.com\/\"},{\"@type\":\"ListItem\",\"position\":2,\"name\":\"Home Page\"}]},{\"@type\":\"WebSite\",\"@id\":\"https:\/\/royaleuropean.com\/#website\",\"url\":\"https:\/\/royaleuropean.com\/\",\"name\":\"Royal European\",\"description\":\"VOTRE R\u00c9F\u00c9RENCE IMMOBILI\u00c8RE POUR L\u2019INVESTISSEMENT ET LA GESTION\",\"potentialAction\":[{\"@type\":\"SearchAction\",\"target\":{\"@type\":\"EntryPoint\",\"urlTemplate\":\"https:\/\/royaleuropean.com\/?s={search_term_string}\"},\"query-input\":{\"@type\":\"PropertyValueSpecification\",\"valueRequired\":true,\"valueName\":\"search_term_string\"}}],\"inLanguage\":\"fr-FR\"}]}<\/script>\n<!-- \/ Yoast SEO plugin. -->","yoast_head_json":{"title":"- Royal European","robots":{"index":"index","follow":"follow","max-snippet":"max-snippet:-1","max-image-preview":"max-image-preview:large","max-video-preview":"max-video-preview:-1"},"canonical":"https:\/\/royaleuropean.com\/","og_locale":"fr_FR","og_type":"article","og_title":"- Royal European","og_url":"https:\/\/royaleuropean.com\/","og_site_name":"Royal European","article_modified_time":"2025-06-16T20:40:04+00:00","twitter_misc":{"Est. reading time":"1 minute"},"schema":{"@context":"https:\/\/schema.org","@graph":[{"@type":"WebPage","@id":"https:\/\/royaleuropean.com\/","url":"https:\/\/royaleuropean.com\/","name":"- Royal European","isPartOf":{"@id":"https:\/\/royaleuropean.com\/#website"},"datePublished":"2015-03-02T08:04:25+00:00","dateModified":"2025-06-16T20:40:04+00:00","breadcrumb":{"@id":"https:\/\/royaleuropean.com\/#breadcrumb"},"inLanguage":"fr-FR","potentialAction":[{"@type":"ReadAction","target":["https:\/\/royaleuropean.com\/"]}]},{"@type":"BreadcrumbList","@id":"https:\/\/royaleuropean.com\/#breadcrumb","itemListElement":[{"@type":"ListItem","position":1,"name":"Home","item":"https:\/\/royaleuropean.com\/"},{"@type":"ListItem","position":2,"name":"Home Page"}]},{"@type":"WebSite","@id":"https:\/\/royaleuropean.com\/#website","url":"https:\/\/royaleuropean.com\/","name":"Royal European","description":"VOTRE R\u00c9F\u00c9RENCE IMMOBILI\u00c8RE POUR L\u2019INVESTISSEMENT ET LA GESTION","potentialAction":[{"@type":"SearchAction","target":{"@type":"EntryPoint","urlTemplate":"https:\/\/royaleuropean.com\/?s={search_term_string}"},"query-input":{"@type":"PropertyValueSpecification","valueRequired":true,"valueName":"search_term_string"}}],"inLanguage":"fr-FR"}]}},"_links":{"self":[{"href":"https:\/\/royaleuropean.com\/fr\/wp-json\/wp\/v2\/pages\/2","targetHints":{"allow":["GET"]}}],"collection":[{"href":"https:\/\/royaleuropean.com\/fr\/wp-json\/wp\/v2\/pages"}],"about":[{"href":"https:\/\/royaleuropean.com\/fr\/wp-json\/wp\/v2\/types\/page"}],"author":[{"embeddable":true,"href":"https:\/\/royaleuropean.com\/fr\/wp-json\/wp\/v2\/users\/1"}],"replies":[{"embeddable":true,"href":"https:\/\/royaleuropean.com\/fr\/wp-json\/wp\/v2\/comments?post=2"}],"version-history":[{"count":6,"href":"https:\/\/royaleuropean.com\/fr\/wp-json\/wp\/v2\/pages\/2\/revisions"}],"predecessor-version":[{"id":140,"href":"https:\/\/royaleuropean.com\/fr\/wp-json\/wp\/v2\/pages\/2\/revisions\/140"}],"wp:attachment":[{"href":"https:\/\/royaleuropean.com\/fr\/wp-json\/wp\/v2\/media?parent=2"}],"curies":[{"name":"wp","href":"https:\/\/api.w.org\/{rel}","templated":true}]}}