{"id":21,"date":"2015-03-02T09:38:44","date_gmt":"2015-03-02T09:38:44","guid":{"rendered":"http:\/\/royal.dextel.net\/?page_id=21"},"modified":"2025-06-16T20:40:04","modified_gmt":"2025-06-16T20:40:04","slug":"estate-aquisitions","status":"publish","type":"page","link":"https:\/\/royaleuropean.com\/fr\/estate-aquisitions\/","title":{"rendered":"NEGOCIER L\u2019ACQUISITION D\u2019UN BIEN IMMOBILIER POUR LES INVESTISSEURS PRIVES"},"content":{"rendered":"<h2>NEGOCIER L\u2019ACQUISITION D\u2019UN BIEN IMMOBILIER POUR LES INVESTISSEURS PRIVES<\/h2>\n<p>Une des activit\u00e9s r\u00e9currentes de Royal European Investments est de proc\u00e9der \u00e0 des \u00e9tudes de march\u00e9 et de mener des recherches sur les propri\u00e9t\u00e9s- \u00e9tudier les valeurs commerciales, la tendance du march\u00e9 et les tendances \u00e9conomiques r\u00e9gionales dans diff\u00e9rentes parties du pays-nos associ\u00e9s peuvent chercher des situations sp\u00e9cifiques afin de satisfaire les besoins particuliers de l\u2019investissement.<\/p>\n<p>Une fois que la propri\u00e9t\u00e9 correspondant aux objectifs de l\u2019investisseur a \u00e9t\u00e9 identifi\u00e9e, Royal European Investments engagera une \u00e9tude compl\u00e8te de la rentabilit\u00e9 actuelle de la propri\u00e9t\u00e9, mais aussi de son potentiel de croissance et de plus-value.<\/p>\n<p>En tant que consultant, les honoraires de Royal European Investments sont n\u00e9goci\u00e9s avec les clients. Ces frais pay\u00e9s par l\u2019investisseur permettent \u00e0 Royal European Investments de n\u00e9gocier le prix le plus bas avec le vendeur, sur un montant net.<\/p>\n<p>Royal European Investments re\u00e7oit une centaine d\u2019offres de propri\u00e9t\u00e9s par mois issues de propri\u00e9taires ou de courtiers venant de tout le pays. Royal European Investments trouvera le bien qui correspond aux demandes sp\u00e9cifiques de l\u2019investisseur. Royal European Investments joue souvent le r\u00f4le de conseiller aupr\u00e8s de l\u2019acheteur, n\u00e9gociant l\u2019achat, et ex\u00e9cutant pour l\u2019acqu\u00e9reur toutes les \u00e9tudes li\u00e9es \u00e0 l\u2019achat.<\/p>\n<p>Nous avons effectu\u00e9 de nombreuses missions pour des investisseurs priv\u00e9s locaux ou \u00e9trangers. Nos investisseurs viennent des Etats-Unis mais aussi du Royaume-Unis, du Moyen-Orient et d\u2019Europe. Nous avons aussi ex\u00e9cut\u00e9 aussi de nombreuses missions confidentielles pour des clients qui ne souhaitaient pas \u00eatre identifi\u00e9s lors des n\u00e9gociations.<\/p>\n","protected":false},"excerpt":{"rendered":"<p>NEGOCIER L\u2019ACQUISITION D\u2019UN BIEN IMMOBILIER POUR LES INVESTISSEURS PRIVES Une des activit\u00e9s r\u00e9currentes de Royal European Investments est de proc\u00e9der \u00e0 des \u00e9tudes de march\u00e9 et de mener des recherches sur les propri\u00e9t\u00e9s- \u00e9tudier les valeurs commerciales, la tendance du march\u00e9 et les tendances \u00e9conomiques r\u00e9gionales dans diff\u00e9rentes parties du pays-nos associ\u00e9s peuvent chercher des &hellip; <a href=\"https:\/\/royaleuropean.com\/fr\/estate-aquisitions\/\" class=\"more-link\">Continue reading <span class=\"screen-reader-text\">NEGOCIER L\u2019ACQUISITION D\u2019UN BIEN IMMOBILIER POUR LES INVESTISSEURS PRIVES<\/span> <span class=\"meta-nav\">&rarr;<\/span><\/a><\/p>\n","protected":false},"author":1,"featured_media":0,"parent":0,"menu_order":0,"comment_status":"closed","ping_status":"open","template":"page-services.php","meta":{"_acf_changed":false,"footnotes":""},"class_list":["post-21","page","type-page","status-publish","hentry"],"translation":{"provider":"WPGlobus","version":"3.0.0","language":"fr","enabled_languages":["en","fr"],"languages":{"en":{"title":true,"content":true,"excerpt":false},"fr":{"title":true,"content":true,"excerpt":false}}},"acf":[],"yoast_head":"<!-- This site is optimized with the Yoast SEO plugin v26.5 - https:\/\/yoast.com\/wordpress\/plugins\/seo\/ -->\n<title>NEGOCIER L\u2019ACQUISITION D\u2019UN BIEN IMMOBILIER POUR LES INVESTISSEURS PRIVES - Royal European<\/title>\n<meta name=\"robots\" content=\"index, follow, max-snippet:-1, max-image-preview:large, max-video-preview:-1\" \/>\n<link rel=\"canonical\" href=\"https:\/\/royaleuropean.com\/estate-aquisitions\/\" \/>\n<meta property=\"og:locale\" content=\"fr_FR\" \/>\n<meta property=\"og:type\" content=\"article\" \/>\n<meta property=\"og:title\" content=\"NEGOCIER L\u2019ACQUISITION D\u2019UN BIEN IMMOBILIER POUR LES INVESTISSEURS PRIVES - Royal European\" \/>\n<meta property=\"og:url\" content=\"https:\/\/royaleuropean.com\/estate-aquisitions\/\" \/>\n<meta property=\"og:site_name\" content=\"Royal European\" \/>\n<meta property=\"article:modified_time\" content=\"2025-06-16T20:40:04+00:00\" \/>\n<meta name=\"twitter:label1\" content=\"Est. reading time\" \/>\n\t<meta name=\"twitter:data1\" content=\"3 minutes\" \/>\n<script type=\"application\/ld+json\" class=\"yoast-schema-graph\">{\"@context\":\"https:\/\/schema.org\",\"@graph\":[{\"@type\":\"WebPage\",\"@id\":\"https:\/\/royaleuropean.com\/estate-aquisitions\/\",\"url\":\"https:\/\/royaleuropean.com\/estate-aquisitions\/\",\"name\":\"NEGOCIER L\u2019ACQUISITION D\u2019UN BIEN IMMOBILIER POUR LES INVESTISSEURS PRIVES - Royal European\",\"isPartOf\":{\"@id\":\"https:\/\/royaleuropean.com\/#website\"},\"datePublished\":\"2015-03-02T09:38:44+00:00\",\"dateModified\":\"2025-06-16T20:40:04+00:00\",\"breadcrumb\":{\"@id\":\"https:\/\/royaleuropean.com\/estate-aquisitions\/#breadcrumb\"},\"inLanguage\":\"fr-FR\",\"potentialAction\":[{\"@type\":\"ReadAction\",\"target\":[\"https:\/\/royaleuropean.com\/estate-aquisitions\/\"]}]},{\"@type\":\"BreadcrumbList\",\"@id\":\"https:\/\/royaleuropean.com\/estate-aquisitions\/#breadcrumb\",\"itemListElement\":[{\"@type\":\"ListItem\",\"position\":1,\"name\":\"Home\",\"item\":\"https:\/\/royaleuropean.com\/\"},{\"@type\":\"ListItem\",\"position\":2,\"name\":\"Estate Aquisitions\"}]},{\"@type\":\"WebSite\",\"@id\":\"https:\/\/royaleuropean.com\/#website\",\"url\":\"https:\/\/royaleuropean.com\/\",\"name\":\"Royal European\",\"description\":\"VOTRE R\u00c9F\u00c9RENCE IMMOBILI\u00c8RE POUR L\u2019INVESTISSEMENT ET LA GESTION\",\"potentialAction\":[{\"@type\":\"SearchAction\",\"target\":{\"@type\":\"EntryPoint\",\"urlTemplate\":\"https:\/\/royaleuropean.com\/?s={search_term_string}\"},\"query-input\":{\"@type\":\"PropertyValueSpecification\",\"valueRequired\":true,\"valueName\":\"search_term_string\"}}],\"inLanguage\":\"fr-FR\"}]}<\/script>\n<!-- \/ Yoast SEO plugin. -->","yoast_head_json":{"title":"NEGOCIER L\u2019ACQUISITION D\u2019UN BIEN IMMOBILIER POUR LES INVESTISSEURS PRIVES - Royal European","robots":{"index":"index","follow":"follow","max-snippet":"max-snippet:-1","max-image-preview":"max-image-preview:large","max-video-preview":"max-video-preview:-1"},"canonical":"https:\/\/royaleuropean.com\/estate-aquisitions\/","og_locale":"fr_FR","og_type":"article","og_title":"NEGOCIER L\u2019ACQUISITION D\u2019UN BIEN IMMOBILIER POUR LES INVESTISSEURS PRIVES - Royal European","og_url":"https:\/\/royaleuropean.com\/estate-aquisitions\/","og_site_name":"Royal European","article_modified_time":"2025-06-16T20:40:04+00:00","twitter_misc":{"Est. reading time":"3 minutes"},"schema":{"@context":"https:\/\/schema.org","@graph":[{"@type":"WebPage","@id":"https:\/\/royaleuropean.com\/estate-aquisitions\/","url":"https:\/\/royaleuropean.com\/estate-aquisitions\/","name":"NEGOCIER L\u2019ACQUISITION D\u2019UN BIEN IMMOBILIER POUR LES INVESTISSEURS PRIVES - Royal European","isPartOf":{"@id":"https:\/\/royaleuropean.com\/#website"},"datePublished":"2015-03-02T09:38:44+00:00","dateModified":"2025-06-16T20:40:04+00:00","breadcrumb":{"@id":"https:\/\/royaleuropean.com\/estate-aquisitions\/#breadcrumb"},"inLanguage":"fr-FR","potentialAction":[{"@type":"ReadAction","target":["https:\/\/royaleuropean.com\/estate-aquisitions\/"]}]},{"@type":"BreadcrumbList","@id":"https:\/\/royaleuropean.com\/estate-aquisitions\/#breadcrumb","itemListElement":[{"@type":"ListItem","position":1,"name":"Home","item":"https:\/\/royaleuropean.com\/"},{"@type":"ListItem","position":2,"name":"Estate Aquisitions"}]},{"@type":"WebSite","@id":"https:\/\/royaleuropean.com\/#website","url":"https:\/\/royaleuropean.com\/","name":"Royal European","description":"VOTRE R\u00c9F\u00c9RENCE IMMOBILI\u00c8RE POUR L\u2019INVESTISSEMENT ET LA GESTION","potentialAction":[{"@type":"SearchAction","target":{"@type":"EntryPoint","urlTemplate":"https:\/\/royaleuropean.com\/?s={search_term_string}"},"query-input":{"@type":"PropertyValueSpecification","valueRequired":true,"valueName":"search_term_string"}}],"inLanguage":"fr-FR"}]}},"_links":{"self":[{"href":"https:\/\/royaleuropean.com\/fr\/wp-json\/wp\/v2\/pages\/21","targetHints":{"allow":["GET"]}}],"collection":[{"href":"https:\/\/royaleuropean.com\/fr\/wp-json\/wp\/v2\/pages"}],"about":[{"href":"https:\/\/royaleuropean.com\/fr\/wp-json\/wp\/v2\/types\/page"}],"author":[{"embeddable":true,"href":"https:\/\/royaleuropean.com\/fr\/wp-json\/wp\/v2\/users\/1"}],"replies":[{"embeddable":true,"href":"https:\/\/royaleuropean.com\/fr\/wp-json\/wp\/v2\/comments?post=21"}],"version-history":[{"count":4,"href":"https:\/\/royaleuropean.com\/fr\/wp-json\/wp\/v2\/pages\/21\/revisions"}],"predecessor-version":[{"id":131,"href":"https:\/\/royaleuropean.com\/fr\/wp-json\/wp\/v2\/pages\/21\/revisions\/131"}],"wp:attachment":[{"href":"https:\/\/royaleuropean.com\/fr\/wp-json\/wp\/v2\/media?parent=21"}],"curies":[{"name":"wp","href":"https:\/\/api.w.org\/{rel}","templated":true}]}}