{"id":23,"date":"2015-03-02T09:47:55","date_gmt":"2015-03-02T09:47:55","guid":{"rendered":"http:\/\/royal.dextel.net\/?page_id=23"},"modified":"2025-06-27T14:22:27","modified_gmt":"2025-06-27T14:22:27","slug":"lease-applications","status":"publish","type":"page","link":"https:\/\/royaleuropean.com\/fr\/lease-applications\/","title":{"rendered":"Lease Applications"},"content":{"rendered":"","protected":false},"excerpt":{"rendered":"","protected":false},"author":1,"featured_media":0,"parent":0,"menu_order":0,"comment_status":"closed","ping_status":"open","template":"page-lease-application.php","meta":{"_acf_changed":false,"footnotes":""},"class_list":["post-23","page","type-page","status-publish","hentry"],"translation":{"provider":"WPGlobus","version":"3.0.0","language":"fr","enabled_languages":["en","fr"],"languages":{"en":{"title":true,"content":false,"excerpt":false},"fr":{"title":false,"content":false,"excerpt":false}}},"acf":[],"yoast_head":"<!-- This site is optimized with the Yoast SEO plugin v26.5 - https:\/\/yoast.com\/wordpress\/plugins\/seo\/ -->\n<title>Applications<\/title>\n<meta name=\"robots\" content=\"index, follow, max-snippet:-1, max-image-preview:large, max-video-preview:-1\" \/>\n<link rel=\"canonical\" href=\"https:\/\/royaleuropean.com\/lease-applications\/\" \/>\n<meta property=\"og:locale\" content=\"fr_FR\" \/>\n<meta property=\"og:type\" content=\"article\" \/>\n<meta property=\"og:title\" content=\"Applications\" \/>\n<meta property=\"og:url\" content=\"https:\/\/royaleuropean.com\/lease-applications\/\" \/>\n<meta property=\"og:site_name\" content=\"Royal European\" \/>\n<meta property=\"article:modified_time\" content=\"2025-06-27T14:22:27+00:00\" \/>\n<script type=\"application\/ld+json\" class=\"yoast-schema-graph\">{\"@context\":\"https:\/\/schema.org\",\"@graph\":[{\"@type\":\"WebPage\",\"@id\":\"https:\/\/royaleuropean.com\/lease-applications\/\",\"url\":\"https:\/\/royaleuropean.com\/lease-applications\/\",\"name\":\"Lease Applications - Royal European\",\"isPartOf\":{\"@id\":\"https:\/\/royaleuropean.com\/#website\"},\"datePublished\":\"2015-03-02T09:47:55+00:00\",\"dateModified\":\"2025-06-27T14:22:27+00:00\",\"breadcrumb\":{\"@id\":\"https:\/\/royaleuropean.com\/lease-applications\/#breadcrumb\"},\"inLanguage\":\"fr-FR\",\"potentialAction\":[{\"@type\":\"ReadAction\",\"target\":[\"https:\/\/royaleuropean.com\/lease-applications\/\"]}]},{\"@type\":\"BreadcrumbList\",\"@id\":\"https:\/\/royaleuropean.com\/lease-applications\/#breadcrumb\",\"itemListElement\":[{\"@type\":\"ListItem\",\"position\":1,\"name\":\"Home\",\"item\":\"https:\/\/royaleuropean.com\/\"},{\"@type\":\"ListItem\",\"position\":2,\"name\":\"Lease Applications\"}]},{\"@type\":\"WebSite\",\"@id\":\"https:\/\/royaleuropean.com\/#website\",\"url\":\"https:\/\/royaleuropean.com\/\",\"name\":\"Royal European\",\"description\":\"VOTRE R\u00c9F\u00c9RENCE IMMOBILI\u00c8RE POUR L\u2019INVESTISSEMENT ET LA GESTION\",\"potentialAction\":[{\"@type\":\"SearchAction\",\"target\":{\"@type\":\"EntryPoint\",\"urlTemplate\":\"https:\/\/royaleuropean.com\/?s={search_term_string}\"},\"query-input\":{\"@type\":\"PropertyValueSpecification\",\"valueRequired\":true,\"valueName\":\"search_term_string\"}}],\"inLanguage\":\"fr-FR\"}]}<\/script>\n<!-- \/ Yoast SEO plugin. -->","yoast_head_json":{"title":"Applications","robots":{"index":"index","follow":"follow","max-snippet":"max-snippet:-1","max-image-preview":"max-image-preview:large","max-video-preview":"max-video-preview:-1"},"canonical":"https:\/\/royaleuropean.com\/lease-applications\/","og_locale":"fr_FR","og_type":"article","og_title":"Applications","og_url":"https:\/\/royaleuropean.com\/lease-applications\/","og_site_name":"Royal European","article_modified_time":"2025-06-27T14:22:27+00:00","schema":{"@context":"https:\/\/schema.org","@graph":[{"@type":"WebPage","@id":"https:\/\/royaleuropean.com\/lease-applications\/","url":"https:\/\/royaleuropean.com\/lease-applications\/","name":"Lease Applications - Royal European","isPartOf":{"@id":"https:\/\/royaleuropean.com\/#website"},"datePublished":"2015-03-02T09:47:55+00:00","dateModified":"2025-06-27T14:22:27+00:00","breadcrumb":{"@id":"https:\/\/royaleuropean.com\/lease-applications\/#breadcrumb"},"inLanguage":"fr-FR","potentialAction":[{"@type":"ReadAction","target":["https:\/\/royaleuropean.com\/lease-applications\/"]}]},{"@type":"BreadcrumbList","@id":"https:\/\/royaleuropean.com\/lease-applications\/#breadcrumb","itemListElement":[{"@type":"ListItem","position":1,"name":"Home","item":"https:\/\/royaleuropean.com\/"},{"@type":"ListItem","position":2,"name":"Lease Applications"}]},{"@type":"WebSite","@id":"https:\/\/royaleuropean.com\/#website","url":"https:\/\/royaleuropean.com\/","name":"Royal European","description":"VOTRE R\u00c9F\u00c9RENCE IMMOBILI\u00c8RE POUR L\u2019INVESTISSEMENT ET LA GESTION","potentialAction":[{"@type":"SearchAction","target":{"@type":"EntryPoint","urlTemplate":"https:\/\/royaleuropean.com\/?s={search_term_string}"},"query-input":{"@type":"PropertyValueSpecification","valueRequired":true,"valueName":"search_term_string"}}],"inLanguage":"fr-FR"}]}},"_links":{"self":[{"href":"https:\/\/royaleuropean.com\/fr\/wp-json\/wp\/v2\/pages\/23","targetHints":{"allow":["GET"]}}],"collection":[{"href":"https:\/\/royaleuropean.com\/fr\/wp-json\/wp\/v2\/pages"}],"about":[{"href":"https:\/\/royaleuropean.com\/fr\/wp-json\/wp\/v2\/types\/page"}],"author":[{"embeddable":true,"href":"https:\/\/royaleuropean.com\/fr\/wp-json\/wp\/v2\/users\/1"}],"replies":[{"embeddable":true,"href":"https:\/\/royaleuropean.com\/fr\/wp-json\/wp\/v2\/comments?post=23"}],"version-history":[{"count":25,"href":"https:\/\/royaleuropean.com\/fr\/wp-json\/wp\/v2\/pages\/23\/revisions"}],"predecessor-version":[{"id":506,"href":"https:\/\/royaleuropean.com\/fr\/wp-json\/wp\/v2\/pages\/23\/revisions\/506"}],"wp:attachment":[{"href":"https:\/\/royaleuropean.com\/fr\/wp-json\/wp\/v2\/media?parent=23"}],"curies":[{"name":"wp","href":"https:\/\/api.w.org\/{rel}","templated":true}]}}