{"id":28,"date":"2015-03-02T09:49:46","date_gmt":"2015-03-02T09:49:46","guid":{"rendered":"http:\/\/royal.dextel.net\/?page_id=28"},"modified":"2025-06-16T20:40:03","modified_gmt":"2025-06-16T20:40:03","slug":"contact-page","status":"publish","type":"page","link":"https:\/\/royaleuropean.com\/fr\/contact-page\/","title":{"rendered":"Contact"},"content":{"rendered":"<\/p>\n<h3>ROYAL EUROPEAN INVESTMENTS<\/h3>\n<p class=\"mar_btm\">5655 Parc Ave. Suite 210<\/p>\n<p class=\"mar_btm\">Montreal, Quebec<\/p>\n<p>H2v 4h2<\/p>\n<p class=\"mar_btm\"><span class=\"red_c\">T\u00e9l\u00e9phone:<\/span> (514) 904-0444<\/p>\n<p><span class=\"red_c\">Sans Frais:<\/span> (866) 904-0444<\/p>\n<p class=\"mar_btm\"><span class=\"red_c\">Fax:<\/span> (514) 904-0445<\/p>\n<p><span class=\"red_c\">E-mail:<\/span> <a href=\"#\">Info@royaleuropean.com<\/a><\/p>\n<p>\n","protected":false},"excerpt":{"rendered":"<p>ROYAL EUROPEAN INVESTMENTS 5655 Parc Ave. Suite 210 Montreal, Quebec H2v 4h2 T\u00e9l\u00e9phone: (514) 904-0444 Sans Frais: (866) 904-0444 Fax: (514) 904-0445 E-mail: Info@royaleuropean.com<\/p>\n","protected":false},"author":1,"featured_media":0,"parent":0,"menu_order":0,"comment_status":"closed","ping_status":"open","template":"page-contact.php","meta":{"_acf_changed":false,"footnotes":""},"class_list":["post-28","page","type-page","status-publish","hentry"],"translation":{"provider":"WPGlobus","version":"3.0.0","language":"fr","enabled_languages":["en","fr"],"languages":{"en":{"title":true,"content":true,"excerpt":false},"fr":{"title":false,"content":true,"excerpt":false}}},"acf":[],"yoast_head":"<!-- This site is optimized with the Yoast SEO plugin v26.5 - https:\/\/yoast.com\/wordpress\/plugins\/seo\/ -->\n<title>- Royal European<\/title>\n<meta name=\"robots\" content=\"index, follow, max-snippet:-1, max-image-preview:large, max-video-preview:-1\" \/>\n<link rel=\"canonical\" href=\"https:\/\/royaleuropean.com\/contact-page\/\" \/>\n<meta property=\"og:locale\" content=\"fr_FR\" \/>\n<meta property=\"og:type\" content=\"article\" \/>\n<meta property=\"og:title\" content=\"- Royal European\" \/>\n<meta property=\"og:url\" content=\"https:\/\/royaleuropean.com\/contact-page\/\" \/>\n<meta property=\"og:site_name\" content=\"Royal European\" \/>\n<meta property=\"article:modified_time\" content=\"2025-06-16T20:40:03+00:00\" \/>\n<script type=\"application\/ld+json\" class=\"yoast-schema-graph\">{\"@context\":\"https:\/\/schema.org\",\"@graph\":[{\"@type\":\"WebPage\",\"@id\":\"https:\/\/royaleuropean.com\/contact-page\/\",\"url\":\"https:\/\/royaleuropean.com\/contact-page\/\",\"name\":\"- Royal European\",\"isPartOf\":{\"@id\":\"https:\/\/royaleuropean.com\/#website\"},\"datePublished\":\"2015-03-02T09:49:46+00:00\",\"dateModified\":\"2025-06-16T20:40:03+00:00\",\"breadcrumb\":{\"@id\":\"https:\/\/royaleuropean.com\/contact-page\/#breadcrumb\"},\"inLanguage\":\"fr-FR\",\"potentialAction\":[{\"@type\":\"ReadAction\",\"target\":[\"https:\/\/royaleuropean.com\/contact-page\/\"]}]},{\"@type\":\"BreadcrumbList\",\"@id\":\"https:\/\/royaleuropean.com\/contact-page\/#breadcrumb\",\"itemListElement\":[{\"@type\":\"ListItem\",\"position\":1,\"name\":\"Home\",\"item\":\"https:\/\/royaleuropean.com\/\"},{\"@type\":\"ListItem\",\"position\":2,\"name\":\"Contact\"}]},{\"@type\":\"WebSite\",\"@id\":\"https:\/\/royaleuropean.com\/#website\",\"url\":\"https:\/\/royaleuropean.com\/\",\"name\":\"Royal European\",\"description\":\"VOTRE R\u00c9F\u00c9RENCE IMMOBILI\u00c8RE POUR L\u2019INVESTISSEMENT ET LA GESTION\",\"potentialAction\":[{\"@type\":\"SearchAction\",\"target\":{\"@type\":\"EntryPoint\",\"urlTemplate\":\"https:\/\/royaleuropean.com\/?s={search_term_string}\"},\"query-input\":{\"@type\":\"PropertyValueSpecification\",\"valueRequired\":true,\"valueName\":\"search_term_string\"}}],\"inLanguage\":\"fr-FR\"}]}<\/script>\n<!-- \/ Yoast SEO plugin. -->","yoast_head_json":{"title":"- Royal European","robots":{"index":"index","follow":"follow","max-snippet":"max-snippet:-1","max-image-preview":"max-image-preview:large","max-video-preview":"max-video-preview:-1"},"canonical":"https:\/\/royaleuropean.com\/contact-page\/","og_locale":"fr_FR","og_type":"article","og_title":"- Royal European","og_url":"https:\/\/royaleuropean.com\/contact-page\/","og_site_name":"Royal European","article_modified_time":"2025-06-16T20:40:03+00:00","schema":{"@context":"https:\/\/schema.org","@graph":[{"@type":"WebPage","@id":"https:\/\/royaleuropean.com\/contact-page\/","url":"https:\/\/royaleuropean.com\/contact-page\/","name":"- Royal European","isPartOf":{"@id":"https:\/\/royaleuropean.com\/#website"},"datePublished":"2015-03-02T09:49:46+00:00","dateModified":"2025-06-16T20:40:03+00:00","breadcrumb":{"@id":"https:\/\/royaleuropean.com\/contact-page\/#breadcrumb"},"inLanguage":"fr-FR","potentialAction":[{"@type":"ReadAction","target":["https:\/\/royaleuropean.com\/contact-page\/"]}]},{"@type":"BreadcrumbList","@id":"https:\/\/royaleuropean.com\/contact-page\/#breadcrumb","itemListElement":[{"@type":"ListItem","position":1,"name":"Home","item":"https:\/\/royaleuropean.com\/"},{"@type":"ListItem","position":2,"name":"Contact"}]},{"@type":"WebSite","@id":"https:\/\/royaleuropean.com\/#website","url":"https:\/\/royaleuropean.com\/","name":"Royal European","description":"VOTRE R\u00c9F\u00c9RENCE IMMOBILI\u00c8RE POUR L\u2019INVESTISSEMENT ET LA GESTION","potentialAction":[{"@type":"SearchAction","target":{"@type":"EntryPoint","urlTemplate":"https:\/\/royaleuropean.com\/?s={search_term_string}"},"query-input":{"@type":"PropertyValueSpecification","valueRequired":true,"valueName":"search_term_string"}}],"inLanguage":"fr-FR"}]}},"_links":{"self":[{"href":"https:\/\/royaleuropean.com\/fr\/wp-json\/wp\/v2\/pages\/28","targetHints":{"allow":["GET"]}}],"collection":[{"href":"https:\/\/royaleuropean.com\/fr\/wp-json\/wp\/v2\/pages"}],"about":[{"href":"https:\/\/royaleuropean.com\/fr\/wp-json\/wp\/v2\/types\/page"}],"author":[{"embeddable":true,"href":"https:\/\/royaleuropean.com\/fr\/wp-json\/wp\/v2\/users\/1"}],"replies":[{"embeddable":true,"href":"https:\/\/royaleuropean.com\/fr\/wp-json\/wp\/v2\/comments?post=28"}],"version-history":[{"count":12,"href":"https:\/\/royaleuropean.com\/fr\/wp-json\/wp\/v2\/pages\/28\/revisions"}],"predecessor-version":[{"id":293,"href":"https:\/\/royaleuropean.com\/fr\/wp-json\/wp\/v2\/pages\/28\/revisions\/293"}],"wp:attachment":[{"href":"https:\/\/royaleuropean.com\/fr\/wp-json\/wp\/v2\/media?parent=28"}],"curies":[{"name":"wp","href":"https:\/\/api.w.org\/{rel}","templated":true}]}}