{"id":31,"date":"2015-03-02T09:51:09","date_gmt":"2015-03-02T09:51:09","guid":{"rendered":"http:\/\/royal.dextel.net\/?page_id=31"},"modified":"2025-06-16T20:40:03","modified_gmt":"2025-06-16T20:40:03","slug":"apartment-rentals","status":"publish","type":"page","link":"https:\/\/royaleuropean.com\/fr\/apartment-rentals\/","title":{"rendered":"LOCATION D\u2019APPARTEMENT"},"content":{"rendered":"<p>Vous trouverez, ci-dessous, une liste d\u2019appartements qui vont bient\u00f4t se lib\u00e9rer dans le centre de Montr\u00e9al et ses environs. Pour r\u00e9server un appartement \u00e0 la taille et \u00e0 l\u2019endroit que vous souhaitez et dans votre budget, veuillez remplir le <a class=\"ap\" href=\"\/fr\/lease-applications\">formulaire de demande<\/a> de location que vous pourrez nous envoyer par email ou par fax et un employ\u00e9 vous contactera pour vous confirmer l\u2019acceptation dans les 24 heures.<\/p>\n","protected":false},"excerpt":{"rendered":"<p>Vous trouverez, ci-dessous, une liste d\u2019appartements qui vont bient\u00f4t se lib\u00e9rer dans le centre de Montr\u00e9al et ses environs. Pour r\u00e9server un appartement \u00e0 la taille et \u00e0 l\u2019endroit que vous souhaitez et dans votre budget, veuillez remplir le formulaire de demande de location que vous pourrez nous envoyer par email ou par fax et &hellip; <a href=\"https:\/\/royaleuropean.com\/fr\/apartment-rentals\/\" class=\"more-link\">Continue reading <span class=\"screen-reader-text\">LOCATION D\u2019APPARTEMENT<\/span> <span class=\"meta-nav\">&rarr;<\/span><\/a><\/p>\n","protected":false},"author":1,"featured_media":0,"parent":0,"menu_order":0,"comment_status":"closed","ping_status":"open","template":"page-apartment-rental.php","meta":{"_acf_changed":false,"footnotes":""},"class_list":["post-31","page","type-page","status-publish","hentry"],"translation":{"provider":"WPGlobus","version":"3.0.0","language":"fr","enabled_languages":["en","fr"],"languages":{"en":{"title":true,"content":true,"excerpt":false},"fr":{"title":true,"content":true,"excerpt":false}}},"acf":[],"yoast_head":"<!-- This site is optimized with the Yoast SEO plugin v26.5 - https:\/\/yoast.com\/wordpress\/plugins\/seo\/ -->\n<title>LOCATION D\u2019APPARTEMENT  - Royal European<\/title>\n<meta name=\"robots\" content=\"index, follow, max-snippet:-1, max-image-preview:large, max-video-preview:-1\" \/>\n<link rel=\"canonical\" href=\"https:\/\/royaleuropean.com\/fr\/apartment-rentals\/\" \/>\n<meta property=\"og:locale\" content=\"fr_FR\" \/>\n<meta property=\"og:type\" content=\"article\" \/>\n<meta property=\"og:title\" content=\"LOCATION D\u2019APPARTEMENT  - Royal European\" \/>\n<meta property=\"og:url\" content=\"https:\/\/royaleuropean.com\/fr\/apartment-rentals\/\" \/>\n<meta property=\"og:site_name\" content=\"Royal European\" \/>\n<meta property=\"article:modified_time\" content=\"2025-06-16T20:40:03+00:00\" \/>\n<meta name=\"twitter:label1\" content=\"Est. reading time\" \/>\n\t<meta name=\"twitter:data1\" content=\"1 minute\" \/>\n<script type=\"application\/ld+json\" class=\"yoast-schema-graph\">{\"@context\":\"https:\/\/schema.org\",\"@graph\":[{\"@type\":\"WebPage\",\"@id\":\"https:\/\/royaleuropean.com\/fr\/apartment-rentals\/\",\"url\":\"https:\/\/royaleuropean.com\/fr\/apartment-rentals\/\",\"name\":\"LOCATION D\u2019APPARTEMENT - Royal European\",\"isPartOf\":{\"@id\":\"https:\/\/royaleuropean.com\/#website\"},\"datePublished\":\"2015-03-02T09:51:09+00:00\",\"dateModified\":\"2025-06-16T20:40:03+00:00\",\"breadcrumb\":{\"@id\":\"https:\/\/royaleuropean.com\/fr\/apartment-rentals\/#breadcrumb\"},\"inLanguage\":\"fr-FR\",\"potentialAction\":[{\"@type\":\"ReadAction\",\"target\":[\"https:\/\/royaleuropean.com\/fr\/apartment-rentals\/\"]}]},{\"@type\":\"BreadcrumbList\",\"@id\":\"https:\/\/royaleuropean.com\/fr\/apartment-rentals\/#breadcrumb\",\"itemListElement\":[{\"@type\":\"ListItem\",\"position\":1,\"name\":\"Home\",\"item\":\"https:\/\/royaleuropean.com\/\"},{\"@type\":\"ListItem\",\"position\":2,\"name\":\"LOCATION D\u2019APPARTEMENT\"}]},{\"@type\":\"WebSite\",\"@id\":\"https:\/\/royaleuropean.com\/#website\",\"url\":\"https:\/\/royaleuropean.com\/\",\"name\":\"Royal European\",\"description\":\"VOTRE R\u00c9F\u00c9RENCE IMMOBILI\u00c8RE POUR L\u2019INVESTISSEMENT ET LA GESTION\",\"potentialAction\":[{\"@type\":\"SearchAction\",\"target\":{\"@type\":\"EntryPoint\",\"urlTemplate\":\"https:\/\/royaleuropean.com\/?s={search_term_string}\"},\"query-input\":{\"@type\":\"PropertyValueSpecification\",\"valueRequired\":true,\"valueName\":\"search_term_string\"}}],\"inLanguage\":\"fr-FR\"}]}<\/script>\n<!-- \/ Yoast SEO plugin. -->","yoast_head_json":{"title":"LOCATION D\u2019APPARTEMENT  - Royal European","robots":{"index":"index","follow":"follow","max-snippet":"max-snippet:-1","max-image-preview":"max-image-preview:large","max-video-preview":"max-video-preview:-1"},"canonical":"https:\/\/royaleuropean.com\/fr\/apartment-rentals\/","og_locale":"fr_FR","og_type":"article","og_title":"LOCATION D\u2019APPARTEMENT  - Royal European","og_url":"https:\/\/royaleuropean.com\/fr\/apartment-rentals\/","og_site_name":"Royal European","article_modified_time":"2025-06-16T20:40:03+00:00","twitter_misc":{"Est. reading time":"1 minute"},"schema":{"@context":"https:\/\/schema.org","@graph":[{"@type":"WebPage","@id":"https:\/\/royaleuropean.com\/fr\/apartment-rentals\/","url":"https:\/\/royaleuropean.com\/fr\/apartment-rentals\/","name":"LOCATION D\u2019APPARTEMENT - Royal European","isPartOf":{"@id":"https:\/\/royaleuropean.com\/#website"},"datePublished":"2015-03-02T09:51:09+00:00","dateModified":"2025-06-16T20:40:03+00:00","breadcrumb":{"@id":"https:\/\/royaleuropean.com\/fr\/apartment-rentals\/#breadcrumb"},"inLanguage":"fr-FR","potentialAction":[{"@type":"ReadAction","target":["https:\/\/royaleuropean.com\/fr\/apartment-rentals\/"]}]},{"@type":"BreadcrumbList","@id":"https:\/\/royaleuropean.com\/fr\/apartment-rentals\/#breadcrumb","itemListElement":[{"@type":"ListItem","position":1,"name":"Home","item":"https:\/\/royaleuropean.com\/"},{"@type":"ListItem","position":2,"name":"LOCATION D\u2019APPARTEMENT"}]},{"@type":"WebSite","@id":"https:\/\/royaleuropean.com\/#website","url":"https:\/\/royaleuropean.com\/","name":"Royal European","description":"VOTRE R\u00c9F\u00c9RENCE IMMOBILI\u00c8RE POUR L\u2019INVESTISSEMENT ET LA GESTION","potentialAction":[{"@type":"SearchAction","target":{"@type":"EntryPoint","urlTemplate":"https:\/\/royaleuropean.com\/?s={search_term_string}"},"query-input":{"@type":"PropertyValueSpecification","valueRequired":true,"valueName":"search_term_string"}}],"inLanguage":"fr-FR"}]}},"_links":{"self":[{"href":"https:\/\/royaleuropean.com\/fr\/wp-json\/wp\/v2\/pages\/31","targetHints":{"allow":["GET"]}}],"collection":[{"href":"https:\/\/royaleuropean.com\/fr\/wp-json\/wp\/v2\/pages"}],"about":[{"href":"https:\/\/royaleuropean.com\/fr\/wp-json\/wp\/v2\/types\/page"}],"author":[{"embeddable":true,"href":"https:\/\/royaleuropean.com\/fr\/wp-json\/wp\/v2\/users\/1"}],"replies":[{"embeddable":true,"href":"https:\/\/royaleuropean.com\/fr\/wp-json\/wp\/v2\/comments?post=31"}],"version-history":[{"count":8,"href":"https:\/\/royaleuropean.com\/fr\/wp-json\/wp\/v2\/pages\/31\/revisions"}],"predecessor-version":[{"id":122,"href":"https:\/\/royaleuropean.com\/fr\/wp-json\/wp\/v2\/pages\/31\/revisions\/122"}],"wp:attachment":[{"href":"https:\/\/royaleuropean.com\/fr\/wp-json\/wp\/v2\/media?parent=31"}],"curies":[{"name":"wp","href":"https:\/\/api.w.org\/{rel}","templated":true}]}}